{"id":2476,"date":"2015-06-12T13:44:22","date_gmt":"2015-06-12T12:44:22","guid":{"rendered":"http:\/\/www.postmortal.de\/blog\/?page_id=2476"},"modified":"2017-11-11T14:15:59","modified_gmt":"2017-11-11T13:15:59","slug":"haushaltsufloesung-entruempelung-im-todesfall","status":"publish","type":"page","link":"http:\/\/www.postmortal.de\/blog\/haushaltsufloesung-entruempelung-im-todesfall\/","title":{"rendered":"Wohnungsaufl\u00f6sung nach Todesfall oder Pflegeheim"},"content":{"rendered":"<p><strong>Sie m\u00fcssen ein Haus oder eine Wohnung entr\u00fcmpeln?<\/strong><\/p>\n<p><em>Bei Umzug oder Trennung, beim Gang ins Pflegeheim oder im Trauerfall stellen sich irgendwann immer dieselben Fragen: Wer r\u00e4umt die Wohnung oder das Haus aus? Wer schafft nicht mehr gebrauchte M\u00f6bel und Hausrat weg? Wer entsorgt Altholz, Sperrm\u00fcll und Abfall? Antwort: <strong>Die R\u00fcmpelRitter.<\/strong><\/em><\/p>\n<p>Bundesweit r\u00e4umen die R\u00fcmpelRitter &#8211; als Spezialisten f\u00fcr <a href=\"http:\/\/www.ruempel-ritter.de\">Haushaltsaufl\u00f6sung und Entr\u00fcmpelung<\/a> &#8211; H\u00e4user und Wohnungen leer. Sie befreien gro\u00dfe und kleine Zimmer sowie vollgepackte Dachb\u00f6den, Garagen und Keller von allem, was nicht mehr gebraucht und genutzt wird. Wenn gew\u00fcnscht, bauen die Ritter auch K\u00fcchen ab oder entfernen Bodenbel\u00e4ge und f\u00fchren Renovierungsarbeiten durch.<\/p>\n<ul>\n<li>Aufr\u00e4umen und Entsorgen zum Festpreis \u2013 ohne versteckte Kosten und mit Wertanrechnung<\/li>\n<li>Umwelt- &amp; Fachgerechte Entsorgung durch qualifiziertes und haftpflichtversichertes Personal<\/li>\n<li>P\u00fcnktlichkeit, Diskretion und sauberes Arbeiten<\/li>\n<\/ul>\n<p><strong>Die R\u00fcmpelRitter r\u00e4umen deutschlandweit &amp; fl\u00e4chendeckend f\u00fcr Sie auf. Besuchen Sie uns unter <a href=\"http:\/\/www.ruempel-ritter.de\">www.ruempel-ritter.de<\/a>.<\/strong><\/p>\n","protected":false},"excerpt":{"rendered":"<p>Sie m\u00fcssen ein Haus oder eine Wohnung entr\u00fcmpeln? Bei Umzug oder Trennung, beim Gang ins Pflegeheim oder im Trauerfall stellen sich irgendwann immer dieselben Fragen: Wer r\u00e4umt die Wohnung oder das Haus aus? Wer schafft nicht mehr gebrauchte M\u00f6bel und Hausrat weg? Wer entsorgt Altholz, Sperrm\u00fcll und Abfall? Antwort: Die R\u00fcmpelRitter. Bundesweit r\u00e4umen die R\u00fcmpelRitter &hellip; <a href=\"http:\/\/www.postmortal.de\/blog\/haushaltsufloesung-entruempelung-im-todesfall\/\" class=\"more-link\"><span class=\"screen-reader-text\">Wohnungsaufl\u00f6sung nach Todesfall oder Pflegeheim<\/span> weiterlesen <span class=\"meta-nav\">&rarr;<\/span><\/a><\/p>\n","protected":false},"author":1,"featured_media":0,"parent":0,"menu_order":0,"comment_status":"closed","ping_status":"closed","template":"","meta":{"footnotes":""},"class_list":["post-2476","page","type-page","status-publish","hentry"],"_links":{"self":[{"href":"http:\/\/www.postmortal.de\/blog\/wp-json\/wp\/v2\/pages\/2476","targetHints":{"allow":["GET"]}}],"collection":[{"href":"http:\/\/www.postmortal.de\/blog\/wp-json\/wp\/v2\/pages"}],"about":[{"href":"http:\/\/www.postmortal.de\/blog\/wp-json\/wp\/v2\/types\/page"}],"author":[{"embeddable":true,"href":"http:\/\/www.postmortal.de\/blog\/wp-json\/wp\/v2\/users\/1"}],"replies":[{"embeddable":true,"href":"http:\/\/www.postmortal.de\/blog\/wp-json\/wp\/v2\/comments?post=2476"}],"version-history":[{"count":13,"href":"http:\/\/www.postmortal.de\/blog\/wp-json\/wp\/v2\/pages\/2476\/revisions"}],"predecessor-version":[{"id":2534,"href":"http:\/\/www.postmortal.de\/blog\/wp-json\/wp\/v2\/pages\/2476\/revisions\/2534"}],"wp:attachment":[{"href":"http:\/\/www.postmortal.de\/blog\/wp-json\/wp\/v2\/media?parent=2476"}],"curies":[{"name":"wp","href":"https:\/\/api.w.org\/{rel}","templated":true}]}}