{"id":2486,"date":"2015-06-12T13:56:25","date_gmt":"2015-06-12T12:56:25","guid":{"rendered":"http:\/\/www.postmortal.de\/blog\/?page_id=2486"},"modified":"2015-06-12T16:22:11","modified_gmt":"2015-06-12T15:22:11","slug":"immobilie-nach-todesfall-verkaufen","status":"publish","type":"page","link":"http:\/\/www.postmortal.de\/blog\/immobilie-nach-todesfall-verkaufen\/","title":{"rendered":"Hausverkauf bei Gang ins Pflegeheim"},"content":{"rendered":"<p><strong>Sie m\u00f6chten eine Immobile verkaufen?<\/strong><\/p>\n<p><em>SYNIBS.IMMO steht f\u00fcr das Rund-um-Sorglos-Paket zum Verkauf Ihrer Immobilie. Bundesweit optimieren die Experten der SYNBIS zum Verkauf stehende H\u00e4user und Wohnungen, um im Auftrag des Eigent\u00fcmers anschlie\u00dfend den bestm\u00f6glichen K\u00e4ufer zu finden. Und bei erfolgreichem Verkauf <strong>zahlt nur der K\u00e4ufer<\/strong> eine faire Maklerprovision in H\u00f6he von 3,57 % inkl. MwSt. <\/em><\/p>\n<p>Wer SYNBIS.IMMO mit dem Verkauf seiner Immobilie beauftragt, bekommt mehr:<\/p>\n<ul>\n<li>Bewertung der Immobilie durch unsere Fachleute und eine realistische Verkaufspreiseinsch\u00e4tzung<\/li>\n<li>Aufl\u00f6sung des alten Haushalts mit anschlie\u00dfenden Reinigungs- und Versch\u00f6nerungsarbeiten<\/li>\n<li>Home Staging: Professionelles Herrichten der R\u00e4umlichkeiten zur Verkaufsf\u00f6rderung<\/li>\n<li>Aussagekr\u00e4ftiges und repr\u00e4sentatives Expos\u00e9 inkl. professioneller Bilder<\/li>\n<li>Vermarktung der Immobilie in allen verf\u00fcgbaren Kan\u00e4len<\/li>\n<li>Qualifizierung von Interessenten sowie Organisation und Durchf\u00fchrung von Besichtigungsterminen<\/li>\n<li>Umfassende Betreuung bis hin zum Abschluss des Kaufvertrags<\/li>\n<\/ul>\n<p><strong>SYNBIS.IMMO realisiert Immobiliengesch\u00e4fte im gesamten Bundesgebiet. W\u00fcnschen Sie eine pers\u00f6nliche Beratung? Rufen Sie uns einfach an:<br \/>\n(02227) 8589181, senden Sie eine E-Mail an<br \/>\nimmobilien@synbis.de oder besuchen Sie uns unter <a href=\"www.synbis.de\/immo\">www.synbis.de\/immo<\/a>.<\/strong><\/p>\n<p><strong><img loading=\"lazy\" decoding=\"async\" class=\"alignleft\" src=\"http:\/\/www.synbis.de\/wp-content\/uploads\/2015\/04\/synbis-immo2.jpg\" alt=\"\" width=\"265\" height=\"233\" \/>Wertgutschein<br \/>\n<\/strong>Wer SYNBIS mit dem Verkauf beauftragt, erh\u00e4lt verkaufsf\u00f6rdernde Ma\u00dfnahmen (z.B. Entr\u00fcmpelung, Reinigung, Versch\u00f6nerung) im Wert von EUR 2000,-*. geschenkt.<\/p>\n<p><span style=\"color: #339966;\"><strong>Aktionscode: ImmoPM<\/strong><\/span><\/p>\n<p>* g\u00fcltig bis zum 31.12.2015 und nur iVm Makler-Alleinauftrag f\u00fcr die Synbis<\/p>\n","protected":false},"excerpt":{"rendered":"<p>Sie m\u00f6chten eine Immobile verkaufen? SYNIBS.IMMO steht f\u00fcr das Rund-um-Sorglos-Paket zum Verkauf Ihrer Immobilie. Bundesweit optimieren die Experten der SYNBIS zum Verkauf stehende H\u00e4user und Wohnungen, um im Auftrag des Eigent\u00fcmers anschlie\u00dfend den bestm\u00f6glichen K\u00e4ufer zu finden. Und bei erfolgreichem Verkauf zahlt nur der K\u00e4ufer eine faire Maklerprovision in H\u00f6he von 3,57 % inkl. MwSt. &hellip; <a href=\"http:\/\/www.postmortal.de\/blog\/immobilie-nach-todesfall-verkaufen\/\" class=\"more-link\"><span class=\"screen-reader-text\">Hausverkauf bei Gang ins Pflegeheim<\/span> weiterlesen <span class=\"meta-nav\">&rarr;<\/span><\/a><\/p>\n","protected":false},"author":1,"featured_media":0,"parent":0,"menu_order":0,"comment_status":"open","ping_status":"open","template":"","meta":{"footnotes":""},"class_list":["post-2486","page","type-page","status-publish","hentry"],"_links":{"self":[{"href":"http:\/\/www.postmortal.de\/blog\/wp-json\/wp\/v2\/pages\/2486","targetHints":{"allow":["GET"]}}],"collection":[{"href":"http:\/\/www.postmortal.de\/blog\/wp-json\/wp\/v2\/pages"}],"about":[{"href":"http:\/\/www.postmortal.de\/blog\/wp-json\/wp\/v2\/types\/page"}],"author":[{"embeddable":true,"href":"http:\/\/www.postmortal.de\/blog\/wp-json\/wp\/v2\/users\/1"}],"replies":[{"embeddable":true,"href":"http:\/\/www.postmortal.de\/blog\/wp-json\/wp\/v2\/comments?post=2486"}],"version-history":[{"count":4,"href":"http:\/\/www.postmortal.de\/blog\/wp-json\/wp\/v2\/pages\/2486\/revisions"}],"predecessor-version":[{"id":2492,"href":"http:\/\/www.postmortal.de\/blog\/wp-json\/wp\/v2\/pages\/2486\/revisions\/2492"}],"wp:attachment":[{"href":"http:\/\/www.postmortal.de\/blog\/wp-json\/wp\/v2\/media?parent=2486"}],"curies":[{"name":"wp","href":"https:\/\/api.w.org\/{rel}","templated":true}]}}