{"id":50,"date":"2011-12-16T12:22:13","date_gmt":"2011-12-16T11:22:13","guid":{"rendered":"http:\/\/www.postmortal.de\/blog\/?page_id=50"},"modified":"2015-06-12T19:29:18","modified_gmt":"2015-06-12T18:29:18","slug":"datenschutzerklarung","status":"publish","type":"page","link":"http:\/\/www.postmortal.de\/blog\/bestattungsgesetz-nrw\/datenschutzerklarung\/","title":{"rendered":"Datenschutzerkl\u00e4rung"},"content":{"rendered":"<p><a title=\"www.postmortal.de\" href=\"http:\/\/www.postmortal.de\" rel=\"nofollow\">www.postmortal.de<\/a> erhebt personenbezogene Daten, weil es gesetzlich vorgeschrieben ist oder um unsere Webseiten noch nutzerfreundlicher und effektiver zu gestalten. Dabei wollen wir von Ihnen jedoch nie mehr wissen, als gesetzlich und technisch erforderlich ist. Wir werden Sie nicht unaufgefordert mit Werbung bel\u00e4stigen oder zu Marketing-Zwecken direkt ansprechen und auch keine Agenturen mit Anrufen oder E-Mail-Werbung beauftragen. Teilen Sie uns bitte sofort mit, wenn jemand unter Nutzung unseres Namens an Sie herantritt.<\/p>\n<p>Die nachfolgende Erkl\u00e4rung zeigt auf, welche Art von Daten zu welchen Zwecken erhoben werden und wie wir den Datenschutz gew\u00e4hrleisten.<\/p>\n<p><strong>I. Server Log Files<\/strong><\/p>\n<p>Unsere Internetseiten speichern automatisch in den sogenannten Server Log Files, die eine Art Protokoll aller Kommunikationsprozesse sind, die Informationen, die Ihr Browser standardm\u00e4\u00dfig \u00fcbermittelt.<\/p>\n<p>* Wer? Hostname des zugreifenden Rechners (IP-Adresse)<br \/>\n* Wann? Zeitstempel (Datum, Uhrzeit)<br \/>\n* Was? Anforderung etwa eines Bildes, \u00dcbertragungsprotokoll<br \/>\n* Wieviel? Menge der gesendeten Daten (Byte)<\/p>\n<p>* Woher? Von welcher Internetseite wird angefordert<br \/>\n* Womit? Browsertyp\/-version, Betriebssystem\/Oberfl\u00e4che<\/p>\n<p>Diese Daten werden wir nicht bestimmten Personen zuordnen und mit anderen Datenquellen zusammenf\u00fchren. Sinn und Zweck der Erhebung dieser Daten ist nur eine statistische Auswertung des Verkehrs auf unseren Seiten.<\/p>\n<p><strong>II. Cookies<\/strong><\/p>\n<p>Wir werden, etwa bei der Personalisierung unseres Angebotes, sogenannte &#8222;Cookies&#8220; nutzen. Dabei handelt es sich um kleine Textdateien, die auf Ihrem Rechner abgelegt werden und die Ihr Browser speichert. Die mittels der Cookies gesammelten Daten werden nicht mit Informationen \u00fcber Sie in Verbindung gebracht. Ohne Ihre Zustimmung wird das Cookie nur anonyme Daten aufzeichnen und nicht dazu verwendet werden, Sie zu identifizieren (vgl. die besonderen Hinweise zu Anzeigen und Analysesoftware weiter unten).<\/p>\n<p>Sie k\u00f6nnen die Installation der Cookies durch eine entsprechende Einstellung Ihrer Browsersoftware verhindern. In den beiden \u00fcberwiegend eingesetzten Internetbrowsern Mozilla Firefox und Microsoft Internet Explorer ist dies unter Extras -&gt; Einstellungen -&gt; Datenschutz (Firefox) bzw. unter Extras -&gt; Internetoptionen -&gt; Datenschutz (Internet Explorer) m\u00f6glich. Durch das Unterbinden einer zumindest zeitlich begrenzten Speicherung der &#8222;Cookies&#8220; durch Ihre Browsersoftware ist allerdings die Nutzung s\u00e4mtlicher Funktionen dieser Webseite zum Teil nicht voll umf\u00e4nglich gew\u00e4hrleistet.<\/p>\n<p><strong>III. Webtracking (insb. Google Analytics)<\/strong><\/p>\n<p>Um unser Internetangebot zu verbessern, sind wir darauf angewiesen, das Nutzerverhalten auf unseren Webseiten zu analysieren. Zu diesem Zwecke bedienen wir uns Google Analytics, ein Webanalysedienst der Google Inc.<\/p>\n<p>Google Analytics verwendet dabei sogenannte &#8222;Cookies&#8220;, Textdateien, die auf Ihrem Computer gespeichert werden und die eine Analyse der Benutzung der Website durch Sie erm\u00f6glichen. Die durch den Cookie erzeugten Informationen werden einschlie\u00dflich Ihrer IP-Adresse an einen Server von Google in den USA \u00fcbertragen und dort gespeichert. Google wird diese Informationen benutzen, um Ihre Nutzung der Webseite auszuwerten, um Reports \u00fcber die Webseitenaktivit\u00e4ten f\u00fcr die Webseitenbentreiber zusammenzustellen und um weitere mit der Webseitennutzung und der Internetnutzung verbundene Dienstleistungen zu erbringen. Auch wird Google diese Informationen gegebenenfalls an Dritte \u00fcbertragen, sofern dies gesetzlich vorgeschrieben ist, oder soweit Dritte diese Daten im Auftrag von Google verarbeiten. Google wird allerdings in keinem Fall Ihre IP-Adresse mit anderen Daten der Google Inc. in Verbindung bringen. Eine personenbezogene Zuordnung oder Zusammenf\u00fchrung von Daten findet auch in diesem Rahmen nicht statt!<\/p>\n<p><strong>IV. Einbindung von Anzeigen<\/strong><\/p>\n<p>Die Anbieter der auf unseren Webseiten geschalteten Anzeigen, insb. &#8222;Google Adsense&#8220;, nutzen zum Teil sogenannte Cookies und\/oder Web-Beacons, die von Ihrem Browser gespeichert und von den Anbietern der Anzeigen zur Verbesserung dieser Dienste ausgelesen werden k\u00f6nnen.<\/p>\n<p>Den Umgang mit diesen Cookies k\u00f6nnen Sie in den Einstellungen Ihrer Browsersoftware regeln. In den beiden \u00fcberwiegend eingesetzten Internetbrowsern Mozilla Firefox und Microsoft Internet Explorer ist dies unter Extras -&gt;Einstellungen -&gt; Datenschutz (Firefox) bzw. unter Extras -&gt; Internetoptionen -&gt; Datenschutz (Internet Explorer) m\u00f6glich.<\/p>\n<p><strong>V. Facebook<\/strong><\/p>\n<p>Auf unserer Website sind zudem Programme (Plug-ins) des sozialen Netzwerks Facebook enthalten. Diese werden ausschlie\u00dflich von der Facebook Inc., 1601 S. California Ave, Palo Alto, CA 94304, USA (Facebook) betrieben. Die Plug-Ins sind im Rahmen unseres Internetauftritts durch das Facebook Logo oder den Zusatz \u201eGef\u00e4llt mir\u201d kenntlich gemacht. Beim Besuch einer Website unseres Internetauftritts, die ein derartiges Plug-in beinhaltet, stellt ihr Browser eine direkte Verbindung mit den Servern von Facebook her, wodurch wiederum der Inhalt des Plug-ins an Ihren Browser \u00fcbermittelt und von diesem in die dargestellte Website eingebunden wird. Hierdurch wird die Information, dass Sie unsere Website besucht haben, an Facebook weitergeleitet. Sofern Sie w\u00e4hrend des Besuchs unserer Website \u00fcber Ihr pers\u00f6nliches Benutzerkonto bei Facebook eingeloggt sind, kann Facebook den Websitebesuch diesem Konto zuordnen. Durch Interaktion mit Plug-ins, z.B. durch anklicken des \u201eGef\u00e4llt mir\u201c-Buttons oder hinterlassen eines Kommentars werden diese entsprechenden Informationen direkt an Facebook \u00fcbermittelt und dort gespeichert. Wenn Sie eine solche Daten\u00fcbermittlung unterbinden m\u00f6chten, m\u00fcssen Sie sich vor dem Besuch unseres Internetauftritts unter Ihrem Facebook-Account ausloggen.<\/p>\n<p>Zweck und Umfang der Datenerhebung durch Facebook sowie die dortige weitere Verarbeitung und Nutzung Ihrer Daten wie auch Ihre diesbez\u00fcglichen Rechte und Einstellungsm\u00f6glichkeiten zum Schutz Ihrer Privatssph\u00e4re entnehmen Sie bitte den Datenschutzhinweisen von Facebook (http:\/\/de-de.facebook.com\/privacy\/explanation.php).<\/p>\n<p>Quelle: www.wbs-law.de<\/p>\n<p>Im \u00dcbrigen werden die Daten nicht an Dritte weitergegeben oder gar ver\u00e4u\u00dfert!<\/p>\n<p>Ihre Einwilligung zur Speicherung der Daten, der Email-Adresse sowie deren Nutzung zum Versand der Bestattungsangebote k\u00f6nnen Sie jederzeit widerrufen.<\/p>\n<p><strong>VI. Auskunft<\/strong><\/p>\n<p>Registrierte Nutzer k\u00f6nnen jederzeit Auskunft \u00fcber die von uns personenbezogen gespeicherten personenbezogenen Daten und deren Berichtigung verlangen. Ferner kann der registrierte Nutzer die L\u00f6schung der von ihm gespeicherten personenbezogenen Daten verlangen, sofern die Aufbewahrung der Daten nicht durch Rechtsnormen vorgeschrieben ist.<\/p>\n<p><strong>VII. Weitere Informationen<\/strong><\/p>\n<p>Ihr Vertrauen ist uns wichtig. Daher m\u00f6chten wir Ihnen jederzeit Rede und Antwort bez\u00fcglich der Verarbeitung Ihrer personenbezogenen Daten stehen. Wenn Sie Fragen haben, die Ihnen diese Datenschutzerkl\u00e4rung nicht beantworten konnte oder wenn Sie zu einem Punkt vertiefte Informationen w\u00fcnschen, wenden Sie sich bitte jederzeit an redaktion(at)postmortal.de.<\/p>\n","protected":false},"excerpt":{"rendered":"<p>www.postmortal.de erhebt personenbezogene Daten, weil es gesetzlich vorgeschrieben ist oder um unsere Webseiten noch nutzerfreundlicher und effektiver zu gestalten. Dabei wollen wir von Ihnen jedoch nie mehr wissen, als gesetzlich und technisch erforderlich ist. Wir werden Sie nicht unaufgefordert mit Werbung bel\u00e4stigen oder zu Marketing-Zwecken direkt ansprechen und auch keine Agenturen mit Anrufen oder E-Mail-Werbung &hellip; <a href=\"http:\/\/www.postmortal.de\/blog\/bestattungsgesetz-nrw\/datenschutzerklarung\/\" class=\"more-link\"><span class=\"screen-reader-text\">Datenschutzerkl\u00e4rung<\/span> weiterlesen <span class=\"meta-nav\">&rarr;<\/span><\/a><\/p>\n","protected":false},"author":1,"featured_media":0,"parent":60,"menu_order":0,"comment_status":"closed","ping_status":"closed","template":"","meta":{"footnotes":""},"class_list":["post-50","page","type-page","status-publish","hentry"],"_links":{"self":[{"href":"http:\/\/www.postmortal.de\/blog\/wp-json\/wp\/v2\/pages\/50","targetHints":{"allow":["GET"]}}],"collection":[{"href":"http:\/\/www.postmortal.de\/blog\/wp-json\/wp\/v2\/pages"}],"about":[{"href":"http:\/\/www.postmortal.de\/blog\/wp-json\/wp\/v2\/types\/page"}],"author":[{"embeddable":true,"href":"http:\/\/www.postmortal.de\/blog\/wp-json\/wp\/v2\/users\/1"}],"replies":[{"embeddable":true,"href":"http:\/\/www.postmortal.de\/blog\/wp-json\/wp\/v2\/comments?post=50"}],"version-history":[{"count":2,"href":"http:\/\/www.postmortal.de\/blog\/wp-json\/wp\/v2\/pages\/50\/revisions"}],"predecessor-version":[{"id":2494,"href":"http:\/\/www.postmortal.de\/blog\/wp-json\/wp\/v2\/pages\/50\/revisions\/2494"}],"up":[{"embeddable":true,"href":"http:\/\/www.postmortal.de\/blog\/wp-json\/wp\/v2\/pages\/60"}],"wp:attachment":[{"href":"http:\/\/www.postmortal.de\/blog\/wp-json\/wp\/v2\/media?parent=50"}],"curies":[{"name":"wp","href":"https:\/\/api.w.org\/{rel}","templated":true}]}}