{"id":60,"date":"2011-12-19T10:21:52","date_gmt":"2011-12-19T09:21:52","guid":{"rendered":"http:\/\/www.postmortal.de\/blog\/?page_id=60"},"modified":"2011-12-21T12:47:29","modified_gmt":"2011-12-21T11:47:29","slug":"bestattungsgesetz-nrw","status":"publish","type":"page","link":"http:\/\/www.postmortal.de\/blog\/bestattungsgesetz-nrw\/","title":{"rendered":"Das Bestattungsrecht in Deutschland"},"content":{"rendered":"<p>Das Bestattungsrecht in <strong><a href=\"http:\/\/www.postmortal.de\/blog\/bestattungsrecht\/bestattungsgesetz-baden-wurttemberg\/\">Baden-W\u00fcrttemberg<\/a><\/strong><\/p>\n<p>Das Bestattungsrecht in <strong><a href=\"http:\/\/www.postmortal.de\/blog\/bestattungsrecht\/bestattungsgesetz-bayern\/\">Bayern<\/a><\/strong><\/p>\n<p>Das Bestattungsrecht in <strong><a href=\"http:\/\/www.postmortal.de\/blog\/bestattungsrecht\/bestattungsgesetz-berlin\/\">Berlin<\/a><\/strong><\/p>\n<p>Das Bestattungsrecht in <strong><a href=\"http:\/\/www.postmortal.de\/blog\/allgemein\/bestattungsrecht-brandenburg\/\">Brandenburg<\/a><\/strong><\/p>\n<p>Das Bestattungsrecht in <strong><a href=\"http:\/\/www.postmortal.de\/blog\/allgemein\/bestattungsrecht-bremen\/\">Bremen<\/a><\/strong><\/p>\n<p>Das Bestattungsrecht in <strong><a href=\"http:\/\/www.postmortal.de\/blog\/allgemein\/bestattungsrecht-hamburg\/\">Hamburg<\/a><\/strong><\/p>\n<p>Das Bestattungsrecht in <strong><a href=\"http:\/\/www.postmortal.de\/blog\/allgemein\/bestattungsgesetz-hessen\/\">Hessen<\/a><\/strong><\/p>\n<p>Das Bestattungsrecht in <strong><a href=\"http:\/\/www.postmortal.de\/blog\/allgemein\/bestattungsgesetz-mecklenburg-vorpommern\/\">Mecklenburg-Vorpommern<\/a><\/strong><\/p>\n<p>Das Bestattungsrecht in <strong><a href=\"http:\/\/www.postmortal.de\/blog\/allgemein\/bestattungsgesetz-niedersachsen\/\">Niedersachsen<\/a><\/strong><\/p>\n<p>Das Bestattungsrecht in <a href=\"http:\/\/www.postmortal.de\/blog\/allgemein\/das-bestattungsgesetz-in-nordrhein-westfalen\/\"><strong>Nordrhein-Westfalen<\/strong><\/a><\/p>\n<p>Das Bestattungsrecht in <strong><a href=\"http:\/\/www.postmortal.de\/blog\/allgemein\/bestattungsgesetz-rheinland-pfalz\/\">Rheinland-Pfalz<\/a><\/strong><\/p>\n<p>Das Bestattungsrecht im <strong><a href=\"http:\/\/www.postmortal.de\/blog\/allgemein\/bestattungsgesetz-saarland\/\">Saarland<\/a><\/strong><\/p>\n<p>Das Bestattungsrecht in <strong><a href=\"http:\/\/www.postmortal.de\/blog\/bestattungsrecht\/bestattungsgesetz-sachsen\/\">Sachsen<\/a><\/strong><\/p>\n<p>Das Bestattungsrecht in <strong><a href=\"http:\/\/www.postmortal.de\/blog\/bestattungsrecht\/bestattungsrecht-sachsen-anhalt\/\">Sachsen-Anhalt<\/a><\/strong><\/p>\n<p>Das Bestattungsrecht in <strong><a href=\"http:\/\/www.postmortal.de\/blog\/bestattungsrecht\/bestattungsgesetz-schleswig-holstein\/\">Schleswig-Holstein<\/a><\/strong><\/p>\n<p>Das Bestattungsrecht in <strong><a href=\"http:\/\/www.postmortal.de\/blog\/bestattungsrecht\/bestattungsrecht-thuringen\/\">Th\u00fcringen<\/a><\/strong><\/p>\n<p><strong>Die Redaktion \u00fcbernimmt keine Gew\u00e4hrleistung daf\u00fcr, dass die hier ver\u00f6ffentlichten Texte aktuell bleiben. <\/strong><\/p>\n<p><a href=\"http:\/\/www.postmortal.de\/blog\/bestattungsgesetz-nrw\/attachment\/bestattungs-und-friedhofswesen-2\/\" rel=\"attachment wp-att-142\"><img loading=\"lazy\" decoding=\"async\" class=\"size-full wp-image-142\" style=\"float: left;\" title=\"Bestattungs- und Friedhofswesen\" src=\"http:\/\/www.postmortal.de\/blog\/wp-content\/uploads\/2011\/12\/Bestattungs-und-Friedhofswesen1.jpg\" alt=\"\" width=\"160\" height=\"160\" srcset=\"http:\/\/www.postmortal.de\/blog\/wp-content\/uploads\/2011\/12\/Bestattungs-und-Friedhofswesen1.jpg 160w, http:\/\/www.postmortal.de\/blog\/wp-content\/uploads\/2011\/12\/Bestattungs-und-Friedhofswesen1-150x150.jpg 150w\" sizes=\"auto, (max-width: 160px) 100vw, 160px\" \/><\/a><br \/>\n<a href=\"http:\/\/www.weka.de\/kommunalverwaltung\/7234-Das-aktuelle-Praxishandbuch-des-Friedhofs-und-Bestattungswesens.html\">Der Klassiker des deutschen Bestattungs- und Friedhofsrechts<\/a>, stets aktuell, selbstverst\u00e4ndlich auch von der Redaktion postmortal.de genutzt.<\/p>\n","protected":false},"excerpt":{"rendered":"<p>Das Bestattungsrecht in Baden-W\u00fcrttemberg Das Bestattungsrecht in Bayern Das Bestattungsrecht in Berlin Das Bestattungsrecht in Brandenburg Das Bestattungsrecht in Bremen Das Bestattungsrecht in Hamburg Das Bestattungsrecht in Hessen Das Bestattungsrecht in Mecklenburg-Vorpommern Das Bestattungsrecht in Niedersachsen Das Bestattungsrecht in Nordrhein-Westfalen Das Bestattungsrecht in Rheinland-Pfalz Das Bestattungsrecht im Saarland Das Bestattungsrecht in Sachsen Das Bestattungsrecht in &hellip; <a href=\"http:\/\/www.postmortal.de\/blog\/bestattungsgesetz-nrw\/\" class=\"more-link\"><span class=\"screen-reader-text\">Das Bestattungsrecht in Deutschland<\/span> weiterlesen <span class=\"meta-nav\">&rarr;<\/span><\/a><\/p>\n","protected":false},"author":1,"featured_media":0,"parent":0,"menu_order":0,"comment_status":"open","ping_status":"open","template":"","meta":{"footnotes":""},"class_list":["post-60","page","type-page","status-publish","hentry"],"_links":{"self":[{"href":"http:\/\/www.postmortal.de\/blog\/wp-json\/wp\/v2\/pages\/60","targetHints":{"allow":["GET"]}}],"collection":[{"href":"http:\/\/www.postmortal.de\/blog\/wp-json\/wp\/v2\/pages"}],"about":[{"href":"http:\/\/www.postmortal.de\/blog\/wp-json\/wp\/v2\/types\/page"}],"author":[{"embeddable":true,"href":"http:\/\/www.postmortal.de\/blog\/wp-json\/wp\/v2\/users\/1"}],"replies":[{"embeddable":true,"href":"http:\/\/www.postmortal.de\/blog\/wp-json\/wp\/v2\/comments?post=60"}],"version-history":[{"count":34,"href":"http:\/\/www.postmortal.de\/blog\/wp-json\/wp\/v2\/pages\/60\/revisions"}],"predecessor-version":[{"id":309,"href":"http:\/\/www.postmortal.de\/blog\/wp-json\/wp\/v2\/pages\/60\/revisions\/309"}],"wp:attachment":[{"href":"http:\/\/www.postmortal.de\/blog\/wp-json\/wp\/v2\/media?parent=60"}],"curies":[{"name":"wp","href":"https:\/\/api.w.org\/{rel}","templated":true}]}}